{"id":127,"date":"2016-10-12T17:57:41","date_gmt":"2016-10-12T15:57:41","guid":{"rendered":"http:\/\/ambestensehen.de\/misha-mandala\/?page_id=127"},"modified":"2021-09-04T11:02:25","modified_gmt":"2021-09-04T09:02:25","slug":"seite-2d","status":"publish","type":"page","link":"https:\/\/ambestensehen.de\/misha-mandala\/?page_id=127","title":{"rendered":"Pr\u00e4mentales Mandala"},"content":{"rendered":"<div class=\"col-md-7 col-md-pull-0\" id=\"left_col\">\n<div class=\"panel-default\">\n<h4>Der Anfang<\/h4>\n<p>Dieses ist das erste Mandala, das ich \u00fcberhaupt je gezeichnet habe, wobei f\u00fcr mich pers\u00f6nlich erw\u00e4hnenswert ist, dass ich bis dahin noch keine anderen Mandalas in der indischen oder asiatischen Tradition gesehen hatte und keine Literatur \u00fcber Mandalas gelesen hatte. Es hat mich einfach irgendwie nur gepackt und ich hatte einfach Spa\u00df dadran, Element an Element zu setzen und symmetrisch auszuf\u00fcllen.<\/p>\n<\/div>\n<p><!-- \/.panel-default --><\/p>\n<\/div>\n<p><!-- \/.col-md-7 --><\/p>\n<div class=\"col-md-12 col-md-pull-0 multiple-borders\">\n<img decoding=\"async\" src=\"https:\/\/ambestensehen.de\/misha-mandala\/wp-content\/uploads\/manadaal_s_w_2.jpg\" alt=\"mandala 2\"><\/div>\n<p><!-- \/.multiple-borders --><\/p>\n","protected":false},"excerpt":{"rendered":"<p>Der Anfang Dieses ist das erste Mandala, das ich \u00fcberhaupt je gezeichnet habe, wobei f\u00fcr mich pers\u00f6nlich erw\u00e4hnenswert ist, dass ich bis dahin noch keine anderen Mandalas in der indischen oder asiatischen Tradition gesehen hatte und keine Literatur \u00fcber Mandalas gelesen hatte. Es hat mich einfach irgendwie nur gepackt und ich hatte einfach Spa\u00df dadran, [&hellip;]<\/p>\n","protected":false},"author":1,"featured_media":0,"parent":0,"menu_order":0,"comment_status":"closed","ping_status":"open","template":"","meta":[],"_links":{"self":[{"href":"https:\/\/ambestensehen.de\/misha-mandala\/index.php?rest_route=\/wp\/v2\/pages\/127"}],"collection":[{"href":"https:\/\/ambestensehen.de\/misha-mandala\/index.php?rest_route=\/wp\/v2\/pages"}],"about":[{"href":"https:\/\/ambestensehen.de\/misha-mandala\/index.php?rest_route=\/wp\/v2\/types\/page"}],"author":[{"embeddable":true,"href":"https:\/\/ambestensehen.de\/misha-mandala\/index.php?rest_route=\/wp\/v2\/users\/1"}],"replies":[{"embeddable":true,"href":"https:\/\/ambestensehen.de\/misha-mandala\/index.php?rest_route=%2Fwp%2Fv2%2Fcomments&post=127"}],"version-history":[{"count":6,"href":"https:\/\/ambestensehen.de\/misha-mandala\/index.php?rest_route=\/wp\/v2\/pages\/127\/revisions"}],"predecessor-version":[{"id":429,"href":"https:\/\/ambestensehen.de\/misha-mandala\/index.php?rest_route=\/wp\/v2\/pages\/127\/revisions\/429"}],"wp:attachment":[{"href":"https:\/\/ambestensehen.de\/misha-mandala\/index.php?rest_route=%2Fwp%2Fv2%2Fmedia&parent=127"}],"curies":[{"name":"wp","href":"https:\/\/api.w.org\/{rel}","templated":true}]}}