{"id":146,"date":"2016-10-12T18:07:29","date_gmt":"2016-10-12T16:07:29","guid":{"rendered":"http:\/\/ambestensehen.de\/misha-mandala\/?page_id=146"},"modified":"2021-09-04T11:06:53","modified_gmt":"2021-09-04T09:06:53","slug":"seite-3d-2","status":"publish","type":"page","link":"https:\/\/ambestensehen.de\/misha-mandala\/?page_id=146","title":{"rendered":"Multreeple"},"content":{"rendered":"<div class=\"col-md-7 col-md-pull-0\" id=\"left_col\">\n<div class=\"panel-default\">\n<h4>Durchblick &#8211; Einsicht<\/h4>\n<p>Eine rein theoretisch gedachte und dann ausgef\u00fchrte Multidimensionalit\u00e4t. Der Baum zerschnitten durch die strahlenf\u00f6rmige netzartige Struktur und die zu sehenden \u00d6ffnungen noch einmal mit kleinen Planeten versehen.<\/p>\n<\/div>\n<p><!-- \/.panel-default --><\/p>\n<\/div>\n<p><!-- \/.col-md-7 --><\/p>\n<div class=\"col-md-12 col-md-pull-0 multiple-borders\">\n<img decoding=\"async\" src=\"https:\/\/ambestensehen.de\/misha-mandala\/wp-content\/uploads\/DSCN2664.jpg\" alt=\"mandala\"><\/div>\n<p><!-- \/.multiple-borders --><\/p>\n","protected":false},"excerpt":{"rendered":"<p>Durchblick &#8211; Einsicht Eine rein theoretisch gedachte und dann ausgef\u00fchrte Multidimensionalit\u00e4t. Der Baum zerschnitten durch die strahlenf\u00f6rmige netzartige Struktur und die zu sehenden \u00d6ffnungen noch einmal mit kleinen Planeten versehen.<\/p>\n","protected":false},"author":1,"featured_media":0,"parent":0,"menu_order":0,"comment_status":"closed","ping_status":"closed","template":"","meta":[],"_links":{"self":[{"href":"https:\/\/ambestensehen.de\/misha-mandala\/index.php?rest_route=\/wp\/v2\/pages\/146"}],"collection":[{"href":"https:\/\/ambestensehen.de\/misha-mandala\/index.php?rest_route=\/wp\/v2\/pages"}],"about":[{"href":"https:\/\/ambestensehen.de\/misha-mandala\/index.php?rest_route=\/wp\/v2\/types\/page"}],"author":[{"embeddable":true,"href":"https:\/\/ambestensehen.de\/misha-mandala\/index.php?rest_route=\/wp\/v2\/users\/1"}],"replies":[{"embeddable":true,"href":"https:\/\/ambestensehen.de\/misha-mandala\/index.php?rest_route=%2Fwp%2Fv2%2Fcomments&post=146"}],"version-history":[{"count":6,"href":"https:\/\/ambestensehen.de\/misha-mandala\/index.php?rest_route=\/wp\/v2\/pages\/146\/revisions"}],"predecessor-version":[{"id":436,"href":"https:\/\/ambestensehen.de\/misha-mandala\/index.php?rest_route=\/wp\/v2\/pages\/146\/revisions\/436"}],"wp:attachment":[{"href":"https:\/\/ambestensehen.de\/misha-mandala\/index.php?rest_route=%2Fwp%2Fv2%2Fmedia&parent=146"}],"curies":[{"name":"wp","href":"https:\/\/api.w.org\/{rel}","templated":true}]}}