{"id":2,"date":"2016-10-07T16:45:14","date_gmt":"2016-10-07T14:45:14","guid":{"rendered":"https:\/\/ambestensehen.de\/misha-mandala\/?page_id=2"},"modified":"2016-11-07T01:12:01","modified_gmt":"2016-11-07T00:12:01","slug":"beispiel-seite","status":"publish","type":"page","link":"https:\/\/ambestensehen.de\/misha-mandala\/?page_id=2","title":{"rendered":"Essentielle Wirklichkeit"},"content":{"rendered":"<p><img decoding=\"async\" src=\"https:\/\/ambestensehen.de\/misha-mandala\/wp-content\/uploads\/mandala_ohne_weg_bildmicha-1-e1478477491190.jpg\" alt=\"sadas\" \/><\/p>\n<blockquote><p>Du glaubst jetzt vielleicht, dass es hier um Blumenbilder geht von Blumenkindern, du glaubst vielleicht, dass es um Teppichbilder geht,<br \/>\ndu hast vielleicht das Gef\u00fchl, es geht hier einfach nur um Sch\u00f6nheit (was tats\u00e4chlich der letzte Sinn davon ist, und Sch\u00f6nheit wird zu Liebe), aber worum es hier geht, ist es, zu zeigen, dass das eine essenzielle Wirklichkeit ist, dass n\u00e4mlich ein System, im Prinzip r\u00fcckbez\u00fcglich sein muss, damit es existieren kann.\n<\/p><\/blockquote>\n","protected":false},"excerpt":{"rendered":"<p>Du glaubst jetzt vielleicht, dass es hier um Blumenbilder geht von Blumenkindern, du glaubst vielleicht, dass es um Teppichbilder geht, du hast vielleicht das Gef\u00fchl, es geht hier einfach nur um Sch\u00f6nheit (was tats\u00e4chlich der letzte Sinn davon ist, und Sch\u00f6nheit wird zu Liebe), aber worum es hier geht, ist es, zu zeigen, dass das [&hellip;]<\/p>\n","protected":false},"author":1,"featured_media":0,"parent":0,"menu_order":0,"comment_status":"closed","ping_status":"open","template":"","meta":[],"_links":{"self":[{"href":"https:\/\/ambestensehen.de\/misha-mandala\/index.php?rest_route=\/wp\/v2\/pages\/2"}],"collection":[{"href":"https:\/\/ambestensehen.de\/misha-mandala\/index.php?rest_route=\/wp\/v2\/pages"}],"about":[{"href":"https:\/\/ambestensehen.de\/misha-mandala\/index.php?rest_route=\/wp\/v2\/types\/page"}],"author":[{"embeddable":true,"href":"https:\/\/ambestensehen.de\/misha-mandala\/index.php?rest_route=\/wp\/v2\/users\/1"}],"replies":[{"embeddable":true,"href":"https:\/\/ambestensehen.de\/misha-mandala\/index.php?rest_route=%2Fwp%2Fv2%2Fcomments&post=2"}],"version-history":[{"count":11,"href":"https:\/\/ambestensehen.de\/misha-mandala\/index.php?rest_route=\/wp\/v2\/pages\/2\/revisions"}],"predecessor-version":[{"id":315,"href":"https:\/\/ambestensehen.de\/misha-mandala\/index.php?rest_route=\/wp\/v2\/pages\/2\/revisions\/315"}],"wp:attachment":[{"href":"https:\/\/ambestensehen.de\/misha-mandala\/index.php?rest_route=%2Fwp%2Fv2%2Fmedia&parent=2"}],"curies":[{"name":"wp","href":"https:\/\/api.w.org\/{rel}","templated":true}]}}