{"id":296,"date":"2016-10-26T00:43:47","date_gmt":"2016-10-25T22:43:47","guid":{"rendered":"http:\/\/ambestensehen.de\/misha-mandala\/?page_id=296"},"modified":"2016-11-13T13:29:58","modified_gmt":"2016-11-13T12:29:58","slug":"wozu-ein-mandala-gut-ist","status":"publish","type":"page","link":"https:\/\/ambestensehen.de\/misha-mandala\/?page_id=296","title":{"rendered":"Wozu ein Mandala gut ist"},"content":{"rendered":"<p>Wir f\u00fcttern unser Bewusstsein mit den Wahrnehmungen, die dazu geeignet sind, die Wahrnehmungen zu verifizieren.<br \/>\nDas bedeutet in letzter Konsequenz, dass wir, wenn wir unser Bewusstsein nicht mehr mit Daten f\u00fcttern, die nur verwendet werden, um die Wahrnehmungen selbst zu unterst\u00fctzen, sondern wenn wir unser Bewusstsein mit seinen eigenen Daten f\u00fcttern, dann kann das dazu f\u00fchren, dass das Bewusstsein selbst in Erscheinung treten kann und vom Bewu\u00dftsein wahrgenommen werden kann.<br \/>\nDas geht im einzelnen so, dass wenn ich wahrnehme, dass ein Vogel zwitschert, ich das innere Gespr\u00e4ch, das mir sagt, dass das ein Vogel sei, der da zwitschert, dass ich dieses innere Gespr\u00e4ch ersetze durch ein genaues Wahrnehmen des Zwitschern ohne dass es eines Kommentares von mir ben\u00f6tigt. In diesem Moment ist mein Bewu\u00dftsein allein mit dem Ph\u00e4nomen des Zwitscherns und das Ph\u00e4nomen &#8222;Zwitschern&#8220; vereinigt sich mit dem Ph\u00e4nomen &#8222;Mein Bewu\u00dftsein&#8220;. Dieser Prozess wird die gleichen blumenartigen Muster oder Denkmuster herbvorbringen, wie wir sie hier in den Abbildungen erleben.<br \/>\nIm Bewu\u00dftsein \u00e4ussern sich derartige Denkmuster zun\u00e4chst einmal als elektrische Entladungen, einhergehend mit G\u00e4nsehaut, die fr\u00fcher oder sp\u00e4ter in ein wohliges Gef\u00fchl von Allliebe m\u00fcnden.<br \/>\nUnd darum geht es in all diesen Prozessen: Wiederholung der Variation aus purer Liebe, jedwede Gier oder Ablehnung aufl\u00f6send.<\/p>\n","protected":false},"excerpt":{"rendered":"<p>Wir f\u00fcttern unser Bewusstsein mit den Wahrnehmungen, die dazu geeignet sind, die Wahrnehmungen zu verifizieren. Das bedeutet in letzter Konsequenz, dass wir, wenn wir unser Bewusstsein nicht mehr mit Daten f\u00fcttern, die nur verwendet werden, um die Wahrnehmungen selbst zu unterst\u00fctzen, sondern wenn wir unser Bewusstsein mit seinen eigenen Daten f\u00fcttern, dann kann das dazu [&hellip;]<\/p>\n","protected":false},"author":1,"featured_media":0,"parent":0,"menu_order":0,"comment_status":"closed","ping_status":"closed","template":"","meta":[],"_links":{"self":[{"href":"https:\/\/ambestensehen.de\/misha-mandala\/index.php?rest_route=\/wp\/v2\/pages\/296"}],"collection":[{"href":"https:\/\/ambestensehen.de\/misha-mandala\/index.php?rest_route=\/wp\/v2\/pages"}],"about":[{"href":"https:\/\/ambestensehen.de\/misha-mandala\/index.php?rest_route=\/wp\/v2\/types\/page"}],"author":[{"embeddable":true,"href":"https:\/\/ambestensehen.de\/misha-mandala\/index.php?rest_route=\/wp\/v2\/users\/1"}],"replies":[{"embeddable":true,"href":"https:\/\/ambestensehen.de\/misha-mandala\/index.php?rest_route=%2Fwp%2Fv2%2Fcomments&post=296"}],"version-history":[{"count":6,"href":"https:\/\/ambestensehen.de\/misha-mandala\/index.php?rest_route=\/wp\/v2\/pages\/296\/revisions"}],"predecessor-version":[{"id":372,"href":"https:\/\/ambestensehen.de\/misha-mandala\/index.php?rest_route=\/wp\/v2\/pages\/296\/revisions\/372"}],"wp:attachment":[{"href":"https:\/\/ambestensehen.de\/misha-mandala\/index.php?rest_route=%2Fwp%2Fv2%2Fmedia&parent=296"}],"curies":[{"name":"wp","href":"https:\/\/api.w.org\/{rel}","templated":true}]}}