{"id":299,"date":"2016-10-26T00:45:20","date_gmt":"2016-10-25T22:45:20","guid":{"rendered":"http:\/\/ambestensehen.de\/misha-mandala\/?page_id=299"},"modified":"2016-11-13T13:24:25","modified_gmt":"2016-11-13T12:24:25","slug":"rueckbezueglichkeit","status":"publish","type":"page","link":"https:\/\/ambestensehen.de\/misha-mandala\/?page_id=299","title":{"rendered":"R\u00fcckbez\u00fcglichkeit"},"content":{"rendered":"<p>D.h., ein System muss sich mit seinen eigenen Daten f\u00fcttern, um sich selbst am Leben zu erhalten.<br \/>\nGleich zum Anfang ein ganz kniffliges Beispiel: eine Gruppe h\u00e4lt sich dadurch am Leben, in dem es nur die Mitglieder unterst\u00fctzt, die wiederum die Gruppe unterst\u00fctzen. Wenn also ein Mitglied der Gruppe die Gruppe kritisiert, ist die Gruppe gezwungen, dieses Mitglied zu entfernen, um sich selbst als Gruppe zu sch\u00fctzen.<br \/>\nAuf eine Party werden nur die Leute eingeladen, die die Party auch unterst\u00fctzen.<br \/>\nDadurch, dass die Gruppe Sorge tr\u00e4gt, dass nur Mitglieder zugelassen werden, die die Gruppe unterst\u00fctzen, wird nicht nur das \u00dcberleben der Gruppe gesichert sondern die Gruppe geb\u00e4rt permanent Variationen von sich selber.<br \/>\nAls Beispiel: die jedes Jahr ablaufenden Weihnachtsfeiern.<br \/>\nDas Prinzip der R\u00fcckbez\u00fcglichkeilt, der F\u00fctterung eines Systems durch seine eigenen Daten, findet in allen Erscheinungen, in allen Dimensionen statt. Es findet auf der k\u00f6rperlichen, physiologischen Ebene statt, es findet auf psychischer, psychologischer Ebene statt, es findet auf \u00f6konomischer, finanzieller Ebene statt, es findet auf nationaler und globaler Ebene statt, aber das wichtigste von allem, es findet im Bewusstsein statt.<\/p>\n","protected":false},"excerpt":{"rendered":"<p>D.h., ein System muss sich mit seinen eigenen Daten f\u00fcttern, um sich selbst am Leben zu erhalten. Gleich zum Anfang ein ganz kniffliges Beispiel: eine Gruppe h\u00e4lt sich dadurch am Leben, in dem es nur die Mitglieder unterst\u00fctzt, die wiederum die Gruppe unterst\u00fctzen. Wenn also ein Mitglied der Gruppe die Gruppe kritisiert, ist die Gruppe [&hellip;]<\/p>\n","protected":false},"author":1,"featured_media":0,"parent":0,"menu_order":0,"comment_status":"closed","ping_status":"closed","template":"","meta":[],"_links":{"self":[{"href":"https:\/\/ambestensehen.de\/misha-mandala\/index.php?rest_route=\/wp\/v2\/pages\/299"}],"collection":[{"href":"https:\/\/ambestensehen.de\/misha-mandala\/index.php?rest_route=\/wp\/v2\/pages"}],"about":[{"href":"https:\/\/ambestensehen.de\/misha-mandala\/index.php?rest_route=\/wp\/v2\/types\/page"}],"author":[{"embeddable":true,"href":"https:\/\/ambestensehen.de\/misha-mandala\/index.php?rest_route=\/wp\/v2\/users\/1"}],"replies":[{"embeddable":true,"href":"https:\/\/ambestensehen.de\/misha-mandala\/index.php?rest_route=%2Fwp%2Fv2%2Fcomments&post=299"}],"version-history":[{"count":3,"href":"https:\/\/ambestensehen.de\/misha-mandala\/index.php?rest_route=\/wp\/v2\/pages\/299\/revisions"}],"predecessor-version":[{"id":367,"href":"https:\/\/ambestensehen.de\/misha-mandala\/index.php?rest_route=\/wp\/v2\/pages\/299\/revisions\/367"}],"wp:attachment":[{"href":"https:\/\/ambestensehen.de\/misha-mandala\/index.php?rest_route=%2Fwp%2Fv2%2Fmedia&parent=299"}],"curies":[{"name":"wp","href":"https:\/\/api.w.org\/{rel}","templated":true}]}}