{"id":54,"date":"2016-10-10T19:57:43","date_gmt":"2016-10-10T17:57:43","guid":{"rendered":"http:\/\/ambestensehen.de\/misha-mandala\/?page_id=54"},"modified":"2016-11-07T00:57:17","modified_gmt":"2016-11-06T23:57:17","slug":"seite-1","status":"publish","type":"page","link":"https:\/\/ambestensehen.de\/misha-mandala\/","title":{"rendered":"Mandala"},"content":{"rendered":"<div class=\"col-md-5 multiple-borders\">\n<div class=\"panel-default\">\n<h4>Mandalas aus den Jahren 1976 &#8211; 1979.<\/h4>\n<p>\t\t\tSchwarz-Weiss-Mandalas und Farb-Mandalas, meist arglos erstellt. Darunter mein erstes unschuldiges Mandala: <br \/><a href=\"https:\/\/ambestensehen.de\/misha-mandala\/?page_id=127\">Erstes erstelltes Mandala<\/a><br \/> und ein Mandala, das ich nach 40 Jahren vollendet habe: <br \/> <a href=\"https:\/\/ambestensehen.de\/misha-mandala\/?page_id=92\">Weg in die Ferne zu mir<\/a> <br \/>und damit den Startschu\u00df f\u00fcr weitere Aktivit\u00e4ten gegeben habe.\n\t\t\t<\/div>\n<p><!-- \/.panel-default -->\n\t<\/div>\n<p><!-- \/.col-md-7 --><\/p>\n<div class=\"col-md-5 col-md-push-1  multiple-borders\">\n<div class=\"panel-default\">\n<h4>Mandala in action aus dem Jahre 1986<\/h4>\n<p>Ein Teil meiner Diplomarbeit war das Erstellen von bewegten Mandalas mit analoger Videotechnik: <br \/><a href=\"https:\/\/ambestensehen.de\/misha-mandala\/?page_id=269\">Mandalas in action<\/a><br \/> zusammen mit einer Musik-Collage aus verschiedenen Kulturen.<\/p>\n<\/div><\/div>\n<p><!-- \/.col-md-5 -->    <\/p>\n","protected":false},"excerpt":{"rendered":"<p>Mandalas aus den Jahren 1976 &#8211; 1979. Schwarz-Weiss-Mandalas und Farb-Mandalas, meist arglos erstellt. Darunter mein erstes unschuldiges Mandala: Erstes erstelltes Mandala und ein Mandala, das ich nach 40 Jahren vollendet habe: Weg in die Ferne zu mir und damit den Startschu\u00df f\u00fcr weitere Aktivit\u00e4ten gegeben habe. Mandala in action aus dem Jahre 1986 Ein Teil [&hellip;]<\/p>\n","protected":false},"author":1,"featured_media":0,"parent":0,"menu_order":0,"comment_status":"closed","ping_status":"closed","template":"","meta":[],"_links":{"self":[{"href":"https:\/\/ambestensehen.de\/misha-mandala\/index.php?rest_route=\/wp\/v2\/pages\/54"}],"collection":[{"href":"https:\/\/ambestensehen.de\/misha-mandala\/index.php?rest_route=\/wp\/v2\/pages"}],"about":[{"href":"https:\/\/ambestensehen.de\/misha-mandala\/index.php?rest_route=\/wp\/v2\/types\/page"}],"author":[{"embeddable":true,"href":"https:\/\/ambestensehen.de\/misha-mandala\/index.php?rest_route=\/wp\/v2\/users\/1"}],"replies":[{"embeddable":true,"href":"https:\/\/ambestensehen.de\/misha-mandala\/index.php?rest_route=%2Fwp%2Fv2%2Fcomments&post=54"}],"version-history":[{"count":22,"href":"https:\/\/ambestensehen.de\/misha-mandala\/index.php?rest_route=\/wp\/v2\/pages\/54\/revisions"}],"predecessor-version":[{"id":312,"href":"https:\/\/ambestensehen.de\/misha-mandala\/index.php?rest_route=\/wp\/v2\/pages\/54\/revisions\/312"}],"wp:attachment":[{"href":"https:\/\/ambestensehen.de\/misha-mandala\/index.php?rest_route=%2Fwp%2Fv2%2Fmedia&parent=54"}],"curies":[{"name":"wp","href":"https:\/\/api.w.org\/{rel}","templated":true}]}}