{"id":94,"date":"2016-10-11T18:30:23","date_gmt":"2016-10-11T16:30:23","guid":{"rendered":"http:\/\/ambestensehen.de\/misha-mandala\/?page_id=94"},"modified":"2021-09-04T11:05:46","modified_gmt":"2021-09-04T09:05:46","slug":"seite-3b","status":"publish","type":"page","link":"https:\/\/ambestensehen.de\/misha-mandala\/?page_id=94","title":{"rendered":"Yoni"},"content":{"rendered":"<div id=\"left_col\" class=\"col-md-7 col-md-pull-0\">\n<div class=\"panel-default\">\n<h4>Inspiration durch eine Frau<\/h4>\n<p>Dieses Mandala wurde haupts\u00e4chlich inspiriert durch die Farbe und durch die Beziehung zu einer Frau, die t\u00fcrkis mochte. D. h. hier entstand als erstes die Farbe T\u00fcrkis und als Kontr\u00e4rfarbe dieses dunkle Karminrot und sp\u00e4ter wurden Abstraktionen von Tempelgeb\u00e4uden zugesetzt. In der Mitte das nach unten weisende Dreieck weist auf die Yoni hin der besagten Frau.<\/p>\n<\/div>\n<p><!-- \/.panel-default --><\/p>\n<\/div>\n<p><!-- \/.col-md-7 --><\/p>\n<div class=\"col-md-12 col-md-pull-0 multiple-borders\"><img decoding=\"async\" src=\"https:\/\/ambestensehen.de\/misha-mandala\/wp-content\/uploads\/DSCN2671.jpg\" alt=\"mandala\"><\/div>\n<p><!-- \/.multiple-borders --><\/p>\n","protected":false},"excerpt":{"rendered":"<p>Inspiration durch eine Frau Dieses Mandala wurde haupts\u00e4chlich inspiriert durch die Farbe und durch die Beziehung zu einer Frau, die t\u00fcrkis mochte. D. h. hier entstand als erstes die Farbe T\u00fcrkis und als Kontr\u00e4rfarbe dieses dunkle Karminrot und sp\u00e4ter wurden Abstraktionen von Tempelgeb\u00e4uden zugesetzt. In der Mitte das nach unten weisende Dreieck weist auf die [&hellip;]<\/p>\n","protected":false},"author":1,"featured_media":0,"parent":0,"menu_order":0,"comment_status":"closed","ping_status":"closed","template":"","meta":[],"_links":{"self":[{"href":"https:\/\/ambestensehen.de\/misha-mandala\/index.php?rest_route=\/wp\/v2\/pages\/94"}],"collection":[{"href":"https:\/\/ambestensehen.de\/misha-mandala\/index.php?rest_route=\/wp\/v2\/pages"}],"about":[{"href":"https:\/\/ambestensehen.de\/misha-mandala\/index.php?rest_route=\/wp\/v2\/types\/page"}],"author":[{"embeddable":true,"href":"https:\/\/ambestensehen.de\/misha-mandala\/index.php?rest_route=\/wp\/v2\/users\/1"}],"replies":[{"embeddable":true,"href":"https:\/\/ambestensehen.de\/misha-mandala\/index.php?rest_route=%2Fwp%2Fv2%2Fcomments&post=94"}],"version-history":[{"count":10,"href":"https:\/\/ambestensehen.de\/misha-mandala\/index.php?rest_route=\/wp\/v2\/pages\/94\/revisions"}],"predecessor-version":[{"id":434,"href":"https:\/\/ambestensehen.de\/misha-mandala\/index.php?rest_route=\/wp\/v2\/pages\/94\/revisions\/434"}],"wp:attachment":[{"href":"https:\/\/ambestensehen.de\/misha-mandala\/index.php?rest_route=%2Fwp%2Fv2%2Fmedia&parent=94"}],"curies":[{"name":"wp","href":"https:\/\/api.w.org\/{rel}","templated":true}]}}